{"id":123,"date":"2014-08-25T17:40:02","date_gmt":"2014-08-25T20:40:02","guid":{"rendered":"http:\/\/diadopsicologo.cfp.org.br\/?page_id=123"},"modified":"2014-08-25T17:40:02","modified_gmt":"2014-08-25T20:40:02","slug":"regulamento-psicologiatododia","status":"publish","type":"page","link":"https:\/\/diadopsicologo.cfp.org.br\/?page_id=123","title":{"rendered":"Regulamento  #PsicologiaTodoDia"},"content":{"rendered":"<p>Regulamento \u00a0#PsicologiaTodoDia<\/p>\n<p><strong>1. Os participantes da campanha dever\u00e3o seguir os seguintes requisitos:<\/strong><\/p>\n<p>1.1\u00a0\u00a0 ter perfil registrado na rede social \u201cINSTAGRAM\u201d;<\/p>\n<p>1.2\u00a0\u00a0 seguir o perfil do Conselho Federal de Psicologia &#8220;@conselhofederaldepsicologia&#8221; na referida rede social;<\/p>\n<p>1.3 \u00a0 Aderir ao\u00a0regulamento disponibilizado no seguinte link:\u00a0<a href=\"https:\/\/diadopsicologo.cfp.org.br\/?page_id=123\" target=\"_blank\">https:\/\/diadopsicologo.cfp.org.br\/?page_id=123<\/a>\u00a0;<\/p>\n<p>1.4\u00a0\u00a0 Estar de acordo com os termos e condi\u00e7\u00f5es ora estabelecidos.<\/p>\n<p>&nbsp;<\/p>\n<p><strong>2. Sobre a participa\u00e7\u00e3o<\/strong><\/p>\n<p>2.1 Para participar, os interessados dever\u00e3o disponibilizar v\u00eddeos relacionados com a sua pr\u00e1tica profissional por meio\u00a0do aplicativo Instagram, usando a hashtag #<strong>PsicologiaTodoDia<\/strong>;<\/p>\n<p>2.2 N\u00e3o ser\u00e1 admitida a participa\u00e7\u00e3o de perfis falsos. Os participantes ser\u00e3o avaliados segundo veracidade de suas informa\u00e7\u00f5es na rede social, sob expedientes a crit\u00e9rio do Conselho Federal de Psicologia;<\/p>\n<p>2.3 A simples participa\u00e7\u00e3o na campanha, por meio do envio de um ou mais v\u00eddeos utilizando a hashtag acima pelo Instagram, implica no conhecimento e total aceita\u00e7\u00e3o deste Regulamento;<\/p>\n<p>2.4\u00a0Ao participar desta a\u00e7\u00e3o nos termos deste Regulamento, o participante estar\u00e1 automaticamente autorizando ao Conselho Federal de Psicologia e\/ou terceiros por este indicados, o direito de uso de sua imagem, bem como os direitos de expor, publicar, reproduzir, armazenar e\/ou de qualquer outra forma de utiliza\u00e7\u00e3o. \u00a0Dessa forma, o participante faz, de modo expresso, a cess\u00e3o de direitos, em car\u00e1ter irrevog\u00e1vel e irretrat\u00e1vel, de pleno direito, em car\u00e1ter gratuito, sem qualquer remunera\u00e7\u00e3o, \u00f4nus ou encargo, e por prazo indeterminado, podendo os referidos direitos serem exercidos por meio de cartazes, filmes e\/ou spots, jingles e\/ou vinhetas, bem como em qualquer tipo de m\u00eddia e\/ou pe\u00e7as promocionais, inclusive em televis\u00e3o, r\u00e1dio, jornal, cartazes, faixas, outdoors, mala-direta e na Internet. Incluindo, dessa forma, mas n\u00e3o limitado a ampla divulga\u00e7\u00e3o deste Regulamento e\/ou de seu desenvolvimento posterior, com exclusividade;<\/p>\n<p>2.4.1\u00a0Todos os participantes autorizam, ainda, o uso gratuito de seus nomes, e-mail e identifica\u00e7\u00e3o junto \u00e0 rede social Instagram ou em qualquer tipo de m\u00eddia, na internet ou impressas, por meio de pe\u00e7as promocionais para fins de divulga\u00e7\u00e3o da a\u00e7\u00e3o sem qualquer \u00f4nus adicional para o Conselho Federal de Psicologia;<\/p>\n<p>2.5.\u00a0O participante declara, desde j\u00e1, que o(s) v\u00eddeo(s) encaminhado(s) \u00e9(s\u00e3o) de sua exclusiva autoria e titularidade, tendo obtido todas as autoriza\u00e7\u00f5es necess\u00e1rias \u00e0 realiza\u00e7\u00e3o do(s) mesmo(s), incluindo, mas n\u00e3o limitando o uso de imagens de pessoas e objetos, responsabilizando-se integralmente pelo conte\u00fado encaminhado, comprometendo-se a responder judicialmente ou extrajudicialmente em caso de eventuais reclama\u00e7\u00f5es formuladas por terceiros quanto aos v\u00eddeos \/ imagens, responsabilizando-se, por conseguinte, por todas as indeniza\u00e7\u00f5es necess\u00e1rias;<\/p>\n<p>2.6. O Conselho Federal de Psicologia poder\u00e1 editar os v\u00eddeos escolhidos, inclusive fazendo cortes para uso no v\u00eddeo, conforme sua necessidade e interesse.<\/p>\n<p>2.7.\u00a0O Conselho Federal de Psicologia n\u00e3o se responsabiliza por quaisquer problemas t\u00e9cnicos com as m\u00e1quinas, acesso \u00e0 internet, com a rede social ou quaisquer sistemas ou mecanismos desenvolvidos por terceiros;<\/p>\n<p>2.8. Para participar, os participantes dever\u00e3o fazer uso dos seus pr\u00f3prios equipamentos de v\u00eddeo e envio, desde que respeitados padr\u00f5es m\u00ednimos de qualidade;<\/p>\n<p>2.9.\u00a0N\u00e3o ser\u00e3o permitidas imagens em que haja ofensa \u00e0 moral e aos bons costumes, ou ainda que fa\u00e7am men\u00e7\u00e3o, direta ou indireta, sobre qualquer outra marca ou produto de terceiros, bem como \u00e0s suas campanhas ou slogans, ocasi\u00e3o na qual o Participante poder\u00e1 ser automaticamente desclassificado do presente concurso cultural;<\/p>\n<p>2.9.1. N\u00e3o poder\u00e1 ainda fazer men\u00e7\u00e3o a movimentos sociais, partidos pol\u00edticos, movimentos pol\u00edticos e\/ou propagandas dos mais diversos g\u00eaneros;<\/p>\n<p>2.10. O v\u00eddeo que fugir ao tema proposto ser\u00e1 automaticamente desclassificado.<\/p>\n<p><strong>3.\u00a0Disposi\u00e7\u00f5es Gerais<\/strong><\/p>\n<p>3.1.\u00a0Os participantes, cujos v\u00eddeos forem escolhidos, ter\u00e3o seus v\u00eddeos inclu\u00eddos no website do Conselho Federal de Psicologia ou seus hotsites tem\u00e1ticos, ficando desde j\u00e1 entendido que a titularidade da campanha institucional e\/ou obra audiovisual contendo o(s) v\u00eddeo(s) cedido(s) \u00e9(s\u00e3o) de exclusiva titularidade do Conselho Federal de Psicologia;<\/p>\n<p>3.2.\u00a0Os comunicados aos participantes ser\u00e3o feitos por meio da rede Instagram;<\/p>\n<p>3.3.\u00a0Em hip\u00f3tese alguma, os Participantes poder\u00e3o contestar a utiliza\u00e7\u00e3o da(s) imagem(ens), exigir pagamento para a utiliza\u00e7\u00e3o da mesma para os fins descritos neste regulamento ou em qualquer outro tipo ou modalidade de utiliza\u00e7\u00e3o que vier a ser determinado pelo Conselho Federal de Psicologia.<\/p>\n","protected":false},"excerpt":{"rendered":"<p>Regulamento \u00a0#PsicologiaTodoDia 1. Os participantes da campanha dever\u00e3o seguir os seguintes requisitos: 1.1\u00a0\u00a0 ter perfil registrado na rede social \u201cINSTAGRAM\u201d; 1.2\u00a0\u00a0 seguir o perfil do Conselho Federal de Psicologia &#8220;@conselhofederaldepsicologia&#8221; na referida rede social; 1.3 \u00a0 Aderir ao\u00a0regulamento disponibilizado no seguinte link:\u00a0https:\/\/diadopsicologo.cfp.org.br\/?page_id=123\u00a0; 1.4\u00a0\u00a0 Estar de acordo com os termos e condi\u00e7\u00f5es ora estabelecidos. &nbsp; 2. [&hellip;]<\/p>\n","protected":false},"author":23,"featured_media":0,"parent":0,"menu_order":0,"comment_status":"open","ping_status":"open","template":"","meta":{"footnotes":""},"class_list":["post-123","page","type-page","status-publish","hentry"],"_links":{"self":[{"href":"https:\/\/diadopsicologo.cfp.org.br\/index.php?rest_route=\/wp\/v2\/pages\/123","targetHints":{"allow":["GET"]}}],"collection":[{"href":"https:\/\/diadopsicologo.cfp.org.br\/index.php?rest_route=\/wp\/v2\/pages"}],"about":[{"href":"https:\/\/diadopsicologo.cfp.org.br\/index.php?rest_route=\/wp\/v2\/types\/page"}],"author":[{"embeddable":true,"href":"https:\/\/diadopsicologo.cfp.org.br\/index.php?rest_route=\/wp\/v2\/users\/23"}],"replies":[{"embeddable":true,"href":"https:\/\/diadopsicologo.cfp.org.br\/index.php?rest_route=%2Fwp%2Fv2%2Fcomments&post=123"}],"version-history":[{"count":0,"href":"https:\/\/diadopsicologo.cfp.org.br\/index.php?rest_route=\/wp\/v2\/pages\/123\/revisions"}],"wp:attachment":[{"href":"https:\/\/diadopsicologo.cfp.org.br\/index.php?rest_route=%2Fwp%2Fv2%2Fmedia&parent=123"}],"curies":[{"name":"wp","href":"https:\/\/api.w.org\/{rel}","templated":true}]}}