{"id":243,"date":"2014-08-28T14:30:22","date_gmt":"2014-08-28T17:30:22","guid":{"rendered":"http:\/\/diadopsicologo.cfp.org.br\/?page_id=243"},"modified":"2014-08-28T14:30:22","modified_gmt":"2014-08-28T17:30:22","slug":"cfp-lanca-infografico-interativo-a-psicologia-em-numeros","status":"publish","type":"page","link":"https:\/\/diadopsicologo.cfp.org.br\/?page_id=243","title":{"rendered":"CFP lan\u00e7a infogr\u00e1fico interativo \u201cA Psicologia em n\u00fameros\u201d"},"content":{"rendered":"<p><em>O Conselho Federal de Psicologia lan\u00e7a, durante as comemora\u00e7\u00f5es do Dia do (a) Psic\u00f3logo (a), um infogr\u00e1fico interativo e in\u00e9dito sobre os profissionais registrados em todo o pa\u00eds.<\/em><\/p>\n<p><em><br \/>\n<\/em>Desenvolvido pelo Conselho Federal de Psicologia, o infogr\u00e1fico interativo \u201cA Psicologia em n\u00fameros\u201d apresenta dados sobre os Psic\u00f3logos (as) registrados (as) nos Conselhos Regionais pelo pa\u00eds. O infogr\u00e1fico tamb\u00e9m detalha o n\u00famero de profissionais por estado e o g\u00eanero informado no ato do registro.<\/p>\n<p>Os dados s\u00e3o coletados da base do Cadastro Nacional da Psicologia, sistema de registro e manuten\u00e7\u00e3o de dados utilizado pelo Sistema Conselhos de Psicologia. Em sua fase inicial, a ferramenta atualizar\u00e1 os dados dos Psic\u00f3logos mensalmente, mas no futuro apresentar\u00e1 essas e outras informa\u00e7\u00f5es que j\u00e1 est\u00e3o dispon\u00edveis no Cadastro Nacional da Psicologia.<\/p>\n<p><strong>Confira o infogr\u00e1fico:\u00a0<a href=\"http:\/\/www2.cfp.org.br\/infografico\/quantos-somos\/\" target=\"_blank\">http:\/\/www2.cfp.org.br\/infografico\/quantos-somos\/<\/a><\/strong><\/p>\n","protected":false},"excerpt":{"rendered":"<p>O Conselho Federal de Psicologia lan\u00e7a, durante as comemora\u00e7\u00f5es do Dia do (a) Psic\u00f3logo (a), um infogr\u00e1fico interativo e in\u00e9dito sobre os profissionais registrados em todo o pa\u00eds. Desenvolvido pelo Conselho Federal de Psicologia, o infogr\u00e1fico interativo \u201cA Psicologia em n\u00fameros\u201d apresenta dados sobre os Psic\u00f3logos (as) registrados (as) nos Conselhos Regionais pelo pa\u00eds. O [&hellip;]<\/p>\n","protected":false},"author":23,"featured_media":0,"parent":0,"menu_order":0,"comment_status":"open","ping_status":"open","template":"","meta":{"footnotes":""},"class_list":["post-243","page","type-page","status-publish","hentry"],"_links":{"self":[{"href":"https:\/\/diadopsicologo.cfp.org.br\/index.php?rest_route=\/wp\/v2\/pages\/243","targetHints":{"allow":["GET"]}}],"collection":[{"href":"https:\/\/diadopsicologo.cfp.org.br\/index.php?rest_route=\/wp\/v2\/pages"}],"about":[{"href":"https:\/\/diadopsicologo.cfp.org.br\/index.php?rest_route=\/wp\/v2\/types\/page"}],"author":[{"embeddable":true,"href":"https:\/\/diadopsicologo.cfp.org.br\/index.php?rest_route=\/wp\/v2\/users\/23"}],"replies":[{"embeddable":true,"href":"https:\/\/diadopsicologo.cfp.org.br\/index.php?rest_route=%2Fwp%2Fv2%2Fcomments&post=243"}],"version-history":[{"count":0,"href":"https:\/\/diadopsicologo.cfp.org.br\/index.php?rest_route=\/wp\/v2\/pages\/243\/revisions"}],"wp:attachment":[{"href":"https:\/\/diadopsicologo.cfp.org.br\/index.php?rest_route=%2Fwp%2Fv2%2Fmedia&parent=243"}],"curies":[{"name":"wp","href":"https:\/\/api.w.org\/{rel}","templated":true}]}}