{"id":38,"date":"2014-08-24T15:07:04","date_gmt":"2014-08-24T18:07:04","guid":{"rendered":"http:\/\/diadopsicologo.cfp.org.br\/?page_id=38"},"modified":"2014-08-24T15:07:04","modified_gmt":"2014-08-24T18:07:04","slug":"registro-da-profissionais-da-psicologia","status":"publish","type":"page","link":"https:\/\/diadopsicologo.cfp.org.br\/?page_id=38","title":{"rendered":"Registro profissional da Psicologia"},"content":{"rendered":"<p><em>Para exercer a profiss\u00e3o, o (a) psic\u00f3logo (a) precisar estar inscrito (a) no Conselho Regional de Psicologia (CRP). Os registros profissionais podem ser feitos por pessoas f\u00edsicas e jur\u00eddicas.<\/em><\/p>\n<p>Os Conselhos Regionais de Psicologia (CRPs) &#8211; que t\u00eam a fun\u00e7\u00e3o de orientar, disciplinar e fiscalizar o exerc\u00edcio da profiss\u00e3o &#8211; s\u00e3o os \u00f3rg\u00e3os respons\u00e1veis pelo registro profissional dos psic\u00f3logos (as) no pa\u00eds. O psic\u00f3logo (a) com a inscri\u00e7\u00e3o aprovada recebe a Carteira de Identidade Profissional, padronizada pelo Conselho Federal de Psicologia (CFP), onde s\u00e3o feitas anota\u00e7\u00f5es relativas \u00e0 atividade do psic\u00f3logo (a).<\/p>\n<p>As inscri\u00e7\u00f5es devem ser feitas por pessoas f\u00edsicas ou jur\u00eddicas mediante a entrega das documenta\u00e7\u00f5es exigidas por cada CRP, de acordo com a Resolu\u00e7\u00e3o 03\/2007 do Conselho Federal de Psicologia, tais como o diploma devidamente registrado, c\u00e9dula de identidade, CPF e comprovante de vota\u00e7\u00e3o. Os candidatos com registro indeferidos t\u00eam o direito a recorrer ao CFP.<\/p>\n<p>Para a conselheira do CFP e integrante da Diretoria do \u00f3rg\u00e3o Maria da Gra\u00e7a Corr\u00eaa Jacques, o registro profissional confere identidade e filia\u00e7\u00e3o a um grupo corporativo, no sentido positivo do termo. \u201cReconhecer os pares, acompanhar os movimentos da categoria, filiar-se ou criticar as posi\u00e7\u00f5es assumidas pelo \u00f3rg\u00e3o de classe s\u00e3o alguns dos benef\u00edcios que o registro profissional confere. E, sobremaneira, dispor de um C\u00f3digo de \u00c9tica que baliza suas a\u00e7\u00f5es, inclusive como ferramenta de preserva\u00e7\u00e3o frente a press\u00f5es de poderes econ\u00f4micos e pol\u00edticos\u201d, explica.<\/p>\n<p>O registro de pessoas jur\u00eddicas \u00e9 obrigat\u00f3rio, tamb\u00e9m, para as associa\u00e7\u00f5es, funda\u00e7\u00f5es de direito privado, cooperativas e entidades de car\u00e1ter filantr\u00f3pico, assim como ag\u00eancias filiais ou sucursais. Os empres\u00e1rios individuais n\u00e3o est\u00e3o obrigados ao registro como pessoa jur\u00eddica, mas pagam anuidade como pessoa f\u00edsica.<\/p>\n<p>J\u00e1 a empresa que tem sua atividade principal em outra \u00e1rea profissional, mas que tenha um (a) psic\u00f3logo (a) em sua equipe, pode solicitar o cadastramento, desde que garanta o livre exerc\u00edcio da Psicologia e indique um respons\u00e1vel t\u00e9cnico que se responsabilize perante o CRP pela atua\u00e7\u00e3o na \u00e1rea de psicologia.<\/p>\n<p>Vale lembrar ainda que, nos casos do exerc\u00edcio da profiss\u00e3o fora da \u00e1rea de jurisdi\u00e7\u00e3o do CRP em que o profissional tem seu registro inicial, o mesmo dever\u00e1 realizar um registro secund\u00e1rio no Conselho respons\u00e1vel pela regi\u00e3o em que realizar\u00e1 o trabalho.<\/p>\n<blockquote><p>\u201cPara a sociedade em geral, o registro profissional garante que o trabalho do (a) psic\u00f3loga (o) se paute por princ\u00edpios \u00e9ticos e atentos \u00e0 qualifica\u00e7\u00e3o profissional. O registro \u00e9 a ferramenta que qualifica o curso de psicologia n\u00e3o como um diletantismo e\/ou aprimoramento pessoal, mas um projeto profissional em benef\u00edcio do coletivo social\u201d, destaca a conselheira.<\/p><\/blockquote>\n<p>Por meio do cadastro de registro profissional, qualquer pessoa pode buscar por psic\u00f3logos e descobrir se eles possuem o devido registro no CRP. Para verificar se um profissional tem registro, basta entrar em contato com o CRP de sua regi\u00e3o ou fazer a consulta pelos respectivos sites. Qualquer pessoa ou entidade poder\u00e1 representar o Conselho Regional contra o registro de um candidato ou profissional.<\/p>\n","protected":false},"excerpt":{"rendered":"<p>Para exercer a profiss\u00e3o, o (a) psic\u00f3logo (a) precisar estar inscrito (a) no Conselho Regional de Psicologia (CRP). Os registros profissionais podem ser feitos por pessoas f\u00edsicas e jur\u00eddicas. Os Conselhos Regionais de Psicologia (CRPs) &#8211; que t\u00eam a fun\u00e7\u00e3o de orientar, disciplinar e fiscalizar o exerc\u00edcio da profiss\u00e3o &#8211; s\u00e3o os \u00f3rg\u00e3os respons\u00e1veis pelo [&hellip;]<\/p>\n","protected":false},"author":22,"featured_media":0,"parent":0,"menu_order":0,"comment_status":"open","ping_status":"closed","template":"","meta":{"footnotes":""},"class_list":["post-38","page","type-page","status-publish","hentry"],"_links":{"self":[{"href":"https:\/\/diadopsicologo.cfp.org.br\/index.php?rest_route=\/wp\/v2\/pages\/38","targetHints":{"allow":["GET"]}}],"collection":[{"href":"https:\/\/diadopsicologo.cfp.org.br\/index.php?rest_route=\/wp\/v2\/pages"}],"about":[{"href":"https:\/\/diadopsicologo.cfp.org.br\/index.php?rest_route=\/wp\/v2\/types\/page"}],"author":[{"embeddable":true,"href":"https:\/\/diadopsicologo.cfp.org.br\/index.php?rest_route=\/wp\/v2\/users\/22"}],"replies":[{"embeddable":true,"href":"https:\/\/diadopsicologo.cfp.org.br\/index.php?rest_route=%2Fwp%2Fv2%2Fcomments&post=38"}],"version-history":[{"count":0,"href":"https:\/\/diadopsicologo.cfp.org.br\/index.php?rest_route=\/wp\/v2\/pages\/38\/revisions"}],"wp:attachment":[{"href":"https:\/\/diadopsicologo.cfp.org.br\/index.php?rest_route=%2Fwp%2Fv2%2Fmedia&parent=38"}],"curies":[{"name":"wp","href":"https:\/\/api.w.org\/{rel}","templated":true}]}}